{"id":19178,"date":"2023-06-14T16:07:54","date_gmt":"2023-06-14T16:07:54","guid":{"rendered":"https:\/\/titaniumproperties.es\/wp\/?page_id=19178"},"modified":"2023-08-29T16:08:12","modified_gmt":"2023-08-29T16:08:12","slug":"inicio","status":"publish","type":"page","link":"https:\/\/titaniumproperties.es\/wp\/","title":{"rendered":"Inicio"},"content":{"rendered":"\t\t<div data-elementor-type=\"wp-page\" data-elementor-id=\"19178\" class=\"elementor elementor-19178\">\n\t\t\t\t\t\t\t\t\t<section class=\"elementor-section elementor-top-section elementor-element elementor-element-4aa49dd elementor-section-boxed elementor-section-height-default elementor-section-height-default\" data-id=\"4aa49dd\" data-element_type=\"section\">\n\t\t\t\t\t\t<div class=\"elementor-container elementor-column-gap-default\">\n\t\t\t\t\t<div class=\"elementor-column elementor-col-100 elementor-top-column elementor-element elementor-element-57dce4d\" data-id=\"57dce4d\" data-element_type=\"column\">\n\t\t\t<div class=\"elementor-widget-wrap elementor-element-populated\">\n\t\t\t\t\t\t\t\t<div class=\"elementor-element elementor-element-ea77984 elementor-tabs-view-horizontal elementor-widget elementor-widget-Wpresidence_Tabs\" data-id=\"ea77984\" data-element_type=\"widget\" data-widget_type=\"Wpresidence_Tabs.default\">\n\t\t\t\t<div class=\"elementor-widget-container\">\n\t\t\t        <div role=\"tabpanel\" id=\"tab_prpg\" class=\"wpestate_elementor_tabs wpestate_tab_class_horizontal\">\n            <div class=\"wpestate-elementor-nav-tabs\">\n                <ul class=\"nav nav-tabs\" role=\"tablist\">\n        \n\n                        <li role=\"presentation\" class=\" active \"   >\n                            <a href=\"#786f841\" aria-controls=\"786f841\" role=\"tab\" data-toggle=\"tab\">\n            <?xml version=\"1.0\" encoding=\"UTF-8\"?>\n<svg xmlns=\"http:\/\/www.w3.org\/2000\/svg\" aria-hidden=\"true\" class=\"bk-icon -iconset-family hp__important_facility_icon\" viewBox=\"0 0 128 128\">\n  <path d=\"M18 18a10 10 0 1 1 10 10 10 10 0 0 1-10-10zm26 16s-9.8-2-16-2-16 2-16 2c-4 1-4.3 3.4-4 6l3.4 30.5a4.3 4.3 0 0 0 1.3 2.6l1.8 1.8a4.3 4.3 0 0 1 1.3 2.7l3.6 38.4a4.4 4.4 0 0 0 4.5 4h8.2a4.4 4.4 0 0 0 4.5-4L40 77.6a4.3 4.3 0 0 1 1.3-2.7l1.9-1.8a4.3 4.3 0 0 0 1.2-2.6L48 40c.3-2.6.1-5-3.9-6zm20 23a8 8 0 1 0-8-8 8 8 0 0 0 8 8zm11.2 2.4A73.6 73.6 0 0 0 64 58a73.6 73.6 0 0 0-11.2 1.4c-2.8.7-3 2.3-2.7 4.1l2.3 21a3 3 0 0 0 1 1.9l1.2 1.2a3 3 0 0 1 1 2l2.4 27.7a3.1 3.1 0 0 0 3.1 2.7H67a3.1 3.1 0 0 0 3.1-2.8l2.5-27.7a3 3 0 0 1 1-1.9l1.2-1.2a3 3 0 0 0 .9-1.8l2.4-21c.2-1.9 0-3.5-2.8-4.2zM100 28a10 10 0 1 0-10-10 10 10 0 0 0 10 10zm16 6s-9.8-2-16-2-16 2-16 2c-4 1-4.3 3.4-4 6l3.4 30.5a4.3 4.3 0 0 0 1.3 2.6l1.8 1.8a4.3 4.3 0 0 1 1.3 2.7l3.6 38.4a4.4 4.4 0 0 0 4.5 4h8.2a4.4 4.4 0 0 0 4.4-4l3.6-38.4a4.3 4.3 0 0 1 1.3-2.7l1.8-1.8a4.3 4.3 0 0 0 1.3-2.6L120 40c.3-2.6.1-5-3.9-6z\"><\/path>\n<\/svg>\n QUIENES SOMOS                            <\/a>\n                        <\/li>\n\n\n                    \n\n                        <li role=\"presentation\" class=\"\"   >\n                            <a href=\"#d84e489\" aria-controls=\"d84e489\" role=\"tab\" data-toggle=\"tab\">\n            <svg xmlns=\"http:\/\/www.w3.org\/2000\/svg\" id=\"Outline\" viewBox=\"0 0 512 512\"><path d=\"M471.982,417.008Q472,416.5,472,416a32.036,32.036,0,0,0-32-32V236l28.8-21.6a8,8,0,0,0-.08-12.859L400,151.322V64a8,8,0,0,0,8-8V24a8,8,0,0,0-8-8H320a8,8,0,0,0-8,8V56a8,8,0,0,0,8,8V92.861l-59.28-43.32a8,8,0,0,0-9.44,0l-208,152A8,8,0,0,0,43.2,214.4L72,236V384a32.036,32.036,0,0,0-32,32q0,.5.018,1.008A32,32,0,0,0,48,480H464a32,32,0,0,0,7.982-62.992ZM328,32h64V48H328Zm8,72V64h48v75.63L335.243,104ZM256,65.908,450.555,208.084l-18.628,13.971L260.706,97.53a8,8,0,0,0-9.412,0L80.073,222.055,61.445,208.084ZM32,448a16.019,16.019,0,0,1,15.76-16l.019,0c.409.057.818.106,1.235.133a8,8,0,0,0,8.023-10.716A15.727,15.727,0,0,1,56,416a16.019,16.019,0,0,1,16-16v64H48A16.019,16.019,0,0,1,32,448Zm344,16H280V288h96Zm16,0V280a8,8,0,0,0-8-8H272a8,8,0,0,0-8,8V464H88V236.074L256,113.892,424,236.074V464Zm72,0H440V400a16.019,16.019,0,0,1,16,16,15.727,15.727,0,0,1-1.037,5.421,8,8,0,0,0,8.023,10.716c.417-.027.826-.076,1.235-.133l.019,0a16,16,0,0,1-.24,32Z\"><\/path><path d=\"M224,272H128a8,8,0,0,0-8,8V392a8,8,0,0,0,8,8h96a8,8,0,0,0,8-8V280A8,8,0,0,0,224,272Zm-8,56H184V288h32Zm-48-40v40H136V288Zm-32,56h32v40H136Zm48,40V344h32v40Z\"><\/path><circle cx=\"304\" cy=\"368\" r=\"8\" transform=\"translate(-152.323 508.032) rotate(-67.5)\"><\/circle><\/svg> QU\u00c9 HACEMOS                            <\/a>\n                        <\/li>\n\n\n                    \n\n                        <li role=\"presentation\" class=\"\"   >\n                            <a href=\"#74ed63a\" aria-controls=\"74ed63a\" role=\"tab\" data-toggle=\"tab\">\n            <svg xmlns=\"http:\/\/www.w3.org\/2000\/svg\" xmlns:xlink=\"http:\/\/www.w3.org\/1999\/xlink\" id=\"Layer_1\" x=\"0px\" y=\"0px\" viewBox=\"0 0 512.011 512.011\" style=\"enable-background:new 0 0 512.011 512.011;\" xml:space=\"preserve\"><g>\t<g>\t\t<g>\t\t\t<path d=\"M205.645,179.137c-0.529,7.945-0.845,16.444-0.845,25.668c0,42.743,12.757,68.267,34.133,68.267     c26.94,0,34.133-32.188,34.133-51.2c0-4.719-3.814-8.533-8.533-8.533c-4.71,0-8.533,3.814-8.533,8.533     c0,0.341-0.734,34.133-17.067,34.133c-9.89,0-17.067-21.538-17.067-51.2c0-99.49,34.918-110.822,36.011-111.147     c4.506-1.015,7.398-5.444,6.485-10.001c-0.922-4.617-5.393-7.62-10.044-6.69c-1.707,0.341-7.885,1.971-15.326,8.337     c0.008-1.459,0.128-2.927,0.521-4.386c1.178-4.403,4.002-8.081,7.953-10.368c3.951-2.27,8.542-2.884,12.945-1.698     c4.403,1.178,8.09,4.002,10.359,7.953c4.71,8.141,1.903,18.603-6.246,23.313c-4.079,2.355-5.47,7.578-3.115,11.657     c1.579,2.739,4.446,4.267,7.398,4.267c1.451,0,2.918-0.367,4.258-1.143c16.29-9.421,21.888-30.336,12.493-46.626     c-4.565-7.902-11.921-13.542-20.727-15.906c-8.832-2.364-18.014-1.143-25.899,3.405c-7.902,4.565-13.551,11.921-15.906,20.736     c-2.21,8.243-1.169,16.794,2.85,24.593c-7.322,11.913-14.165,29.653-17.971,56.03c-12.783-15.3-20.173-34.782-20.173-54.724     c0-47.053,38.281-85.333,85.333-85.333c47.044,0,85.333,38.281,85.333,85.333s-38.289,85.333-85.333,85.333     c-9.276,0-18.381-1.476-27.085-4.378c-4.463-1.485-9.293,0.913-10.795,5.385c-1.493,4.471,0.922,9.301,5.393,10.795     c10.445,3.49,21.376,5.265,32.486,5.265c56.465,0,102.4-45.943,102.4-102.4c0-56.465-45.935-102.4-102.4-102.4     c-56.465,0-102.4,45.935-102.4,102.4C170.667,131.504,183.731,159.775,205.645,179.137z\"><\/path>\t\t\t<path d=\"M110.933,324.272H179.2c9.95,0,26.88,12.698,41.813,23.893c18.722,14.046,36.403,27.307,52.053,27.307h51.2     c12.954,0,19.396,5.879,19.567,6.033c1.664,1.664,3.849,2.5,6.033,2.5c2.185,0,4.361-0.836,6.033-2.5     c3.328-3.337,3.328-8.738,0-12.066c-1.126-1.135-11.614-11.034-31.633-11.034h-51.2c-9.958,0-26.88-12.698-41.813-23.893     c-18.722-14.046-36.412-27.307-52.053-27.307h-68.267c-4.71,0-8.533,3.814-8.533,8.533     C102.4,320.449,106.223,324.272,110.933,324.272z\"><\/path>\t\t\t<path d=\"M374.673,173.412l86.127,86.127v30.601h-30.601l-3.533-3.533v-22.067c0-4.719-3.814-8.533-8.533-8.533H409.6v-8.533     c0-4.719-3.814-8.533-8.533-8.533h-22.059l-3.541-3.541v-22.059c0-4.719-3.814-8.533-8.533-8.533h-22.067l-0.828-0.828     c-3.328-3.337-8.73-3.337-12.066,0s-3.337,8.73,0,12.066l3.328,3.328c1.596,1.596,3.763,2.5,6.033,2.5H358.4v17.05     c0,2.261,0.896,4.429,2.492,6.033l8.533,8.542c1.596,1.604,3.772,2.509,6.042,2.509h17.067v8.533c0,4.71,3.814,8.533,8.533,8.533     h8.533v17.067c0,2.261,0.896,4.429,2.5,6.033l8.533,8.533c1.596,1.596,3.763,2.5,6.033,2.5h42.667     c4.719,0,8.533-3.823,8.533-8.533v-42.667c0-2.261-0.905-4.437-2.5-6.033l-88.627-88.627c-3.337-3.336-8.73-3.336-12.066,0     C371.337,164.682,371.337,170.075,374.673,173.412z\"><\/path>\t\t\t<path d=\"M42.667,456.539c0-7.057-5.743-12.8-12.8-12.8s-12.8,5.743-12.8,12.8s5.743,12.8,12.8,12.8     S42.667,463.596,42.667,456.539z\"><\/path>\t\t\t<path d=\"M59.733,273.072h-51.2c-4.71,0-8.533,3.814-8.533,8.533c0,4.71,3.823,8.533,8.533,8.533h51.2     c4.702,0,8.533,3.823,8.533,8.533v187.733c0,4.702-3.831,8.533-8.533,8.533h-51.2c-4.71,0-8.533,3.814-8.533,8.533     c0,4.71,3.823,8.533,8.533,8.533h51.2c14.114,0,25.6-11.486,25.6-25.6V298.672C85.333,284.55,73.847,273.072,59.733,273.072z\"><\/path>\t\t\t<path d=\"M507.426,358.406c-9.412-16.307-30.362-21.888-46.097-12.774l-98.21,47.804c-15.275,7.637-30.677,7.637-64.452,7.637     c-33.015,0-83.43-8.337-83.934-8.422c-4.685-0.777-9.045,2.372-9.822,7.014c-0.768,4.651,2.372,9.045,7.014,9.822     c2.125,0.358,52.301,8.653,86.741,8.653c35.43,0,53.214,0,71.996-9.395l98.671-48.051c3.942-2.278,8.542-2.884,12.945-1.707     s8.09,4.002,10.359,7.953c2.287,3.951,2.893,8.55,1.707,12.954c-1.169,4.395-3.994,8.081-8.192,10.505l-115.371,71.808     c-0.239,0.154-24.858,15.667-80.648,15.667c-48.375,0-123.11-41.182-124.186-41.771c-0.768-0.384-19.277-9.429-55.014-9.429     c-4.71,0-8.533,3.814-8.533,8.533c0,4.71,3.823,8.533,8.533,8.533c31.036,0,47.027,7.458,47.053,7.458     c3.226,1.792,79.343,43.742,132.147,43.742c61.602,0,88.934-17.749,89.839-18.355l114.961-71.552     c7.893-4.557,13.542-11.921,15.898-20.727C513.195,375.498,511.983,366.299,507.426,358.406z\"><\/path>\t\t<\/g>\t<\/g><\/g><g><\/g><g><\/g><g><\/g><g><\/g><g><\/g><g><\/g><g><\/g><g><\/g><g><\/g><g><\/g><g><\/g><g><\/g><g><\/g><g><\/g><g><\/g><\/svg> \u00bfQUIERE USTED VENDER?                            <\/a>\n                        <\/li>\n\n\n                                    <\/ul>\n            <\/div>\n            <div class=\"tab-content\">\n        \n                    <div  role=\"tabpanel\" class=\"tab-pane  active \" id=\"786f841\">\n\n                    <style>.elementor-18764 .elementor-element.elementor-element-22f840e4 > .elementor-widget-wrap > .elementor-widget:not(.elementor-widget__width-auto):not(.elementor-widget__width-initial):not(:last-child):not(.elementor-absolute){margin-bottom:0px;}.elementor-18764 .elementor-element.elementor-element-5ea6ae64 .elementor-heading-title{color:#222222;font-weight:500;}.elementor-18764 .elementor-element.elementor-element-5ea6ae64 > .elementor-widget-container{margin:0px 0px 20px 0px;}<\/style>\t\t<div data-elementor-type=\"section\" data-elementor-id=\"18764\" class=\"elementor elementor-18764 elementor-21801\">\n\t\t\t\t\t\t\t\t<section class=\"elementor-section elementor-top-section elementor-element elementor-element-51e1a3b2 elementor-section-boxed elementor-section-height-default elementor-section-height-default\" data-id=\"51e1a3b2\" data-element_type=\"section\">\n\t\t\t\t\t\t<div class=\"elementor-container elementor-column-gap-no\">\n\t\t\t\t\t<div class=\"elementor-column elementor-col-50 elementor-top-column elementor-element elementor-element-22f840e4\" data-id=\"22f840e4\" data-element_type=\"column\">\n\t\t\t<div class=\"elementor-widget-wrap elementor-element-populated\">\n\t\t\t\t\t\t\t\t<div class=\"elementor-element elementor-element-5ea6ae64 elementor-widget elementor-widget-heading\" data-id=\"5ea6ae64\" data-element_type=\"widget\" data-widget_type=\"heading.default\">\n\t\t\t\t<div class=\"elementor-widget-container\">\n\t\t\t<style>\/*! elementor - v3.13.3 - 28-05-2023 *\/\n.elementor-heading-title{padding:0;margin:0;line-height:1}.elementor-widget-heading .elementor-heading-title[class*=elementor-size-]>a{color:inherit;font-size:inherit;line-height:inherit}.elementor-widget-heading .elementor-heading-title.elementor-size-small{font-size:15px}.elementor-widget-heading .elementor-heading-title.elementor-size-medium{font-size:19px}.elementor-widget-heading .elementor-heading-title.elementor-size-large{font-size:29px}.elementor-widget-heading .elementor-heading-title.elementor-size-xl{font-size:39px}.elementor-widget-heading .elementor-heading-title.elementor-size-xxl{font-size:59px}<\/style><h2 class=\"elementor-heading-title elementor-size-default\">\u00bfQUI\u00c9NES SOMOS?<\/h2>\t\t<\/div>\n\t\t\t\t<\/div>\n\t\t\t\t<div class=\"elementor-element elementor-element-5c70d04a elementor-widget elementor-widget-text-editor\" data-id=\"5c70d04a\" data-element_type=\"widget\" data-widget_type=\"text-editor.default\">\n\t\t\t\t<div class=\"elementor-widget-container\">\n\t\t\t<style>\/*! elementor - v3.13.3 - 28-05-2023 *\/\n.elementor-widget-text-editor.elementor-drop-cap-view-stacked .elementor-drop-cap{background-color:#69727d;color:#fff}.elementor-widget-text-editor.elementor-drop-cap-view-framed .elementor-drop-cap{color:#69727d;border:3px solid;background-color:transparent}.elementor-widget-text-editor:not(.elementor-drop-cap-view-default) .elementor-drop-cap{margin-top:8px}.elementor-widget-text-editor:not(.elementor-drop-cap-view-default) .elementor-drop-cap-letter{width:1em;height:1em}.elementor-widget-text-editor .elementor-drop-cap{float:left;text-align:center;line-height:1;font-size:50px}.elementor-widget-text-editor .elementor-drop-cap-letter{display:inline-block}<\/style>\t\t\t\t<h4>\u00a0<\/h4><h4>Titanium Properties lo formamos un equipo de profesionales altamente cualificados y formados para atenderle con toda la atenci\u00f3n, calidad y esmero que usted merece.<\/h4><h4>Le ayudaremos en todo el proceso de b\u00fasqueda de su vivienda ideal, porque cada cliente es \u00fanico y especial.<\/h4>\t\t\t\t\t\t<\/div>\n\t\t\t\t<\/div>\n\t\t\t\t\t<\/div>\n\t\t<\/div>\n\t\t\t\t<div class=\"elementor-column elementor-col-50 elementor-top-column elementor-element elementor-element-77ac2da3\" data-id=\"77ac2da3\" data-element_type=\"column\">\n\t\t\t<div class=\"elementor-widget-wrap elementor-element-populated\">\n\t\t\t\t\t\t\t\t<div class=\"elementor-element elementor-element-7ee82607 elementor-widget elementor-widget-image\" data-id=\"7ee82607\" data-element_type=\"widget\" data-widget_type=\"image.default\">\n\t\t\t\t<div class=\"elementor-widget-container\">\n\t\t\t<style>\/*! elementor - v3.13.3 - 28-05-2023 *\/\n.elementor-widget-image{text-align:center}.elementor-widget-image a{display:inline-block}.elementor-widget-image a img[src$=\".svg\"]{width:48px}.elementor-widget-image img{vertical-align:middle;display:inline-block}<\/style>\t\t\t\t\t\t\t\t\t\t\t\t<img loading=\"lazy\" decoding=\"async\" width=\"1024\" height=\"876\" src=\"https:\/\/titaniumproperties.es\/wp\/wp-content\/uploads\/2023\/07\/64c2480f-c4c3-474e-bbed-4fa3677803ab-1024x876.jpg\" class=\"attachment-large size-large wp-image-39906\" alt=\"\" srcset=\"https:\/\/titaniumproperties.es\/wp\/wp-content\/uploads\/2023\/07\/64c2480f-c4c3-474e-bbed-4fa3677803ab-1024x876.jpg 1024w, https:\/\/titaniumproperties.es\/wp\/wp-content\/uploads\/2023\/07\/64c2480f-c4c3-474e-bbed-4fa3677803ab-300x257.jpg 300w, https:\/\/titaniumproperties.es\/wp\/wp-content\/uploads\/2023\/07\/64c2480f-c4c3-474e-bbed-4fa3677803ab-768x657.jpg 768w, https:\/\/titaniumproperties.es\/wp\/wp-content\/uploads\/2023\/07\/64c2480f-c4c3-474e-bbed-4fa3677803ab.jpg 1200w\" sizes=\"auto, (max-width: 1024px) 100vw, 1024px\" \/>\t\t\t\t\t\t\t\t\t\t\t\t\t\t\t<\/div>\n\t\t\t\t<\/div>\n\t\t\t\t\t<\/div>\n\t\t<\/div>\n\t\t\t\t\t\t\t<\/div>\n\t\t<\/section>\n\t\t\t\t\t\t<\/div>\n\t\t                    <\/div>\n\n                \n                    <div  role=\"tabpanel\" class=\"tab-pane \" id=\"d84e489\">\n\n                    <style>.elementor-18766 .elementor-element.elementor-element-44ae2f3e > .elementor-widget-wrap > .elementor-widget:not(.elementor-widget__width-auto):not(.elementor-widget__width-initial):not(:last-child):not(.elementor-absolute){margin-bottom:0px;}.elementor-18766 .elementor-element.elementor-element-3669a6d8 .elementor-heading-title{color:#222222;font-weight:500;}.elementor-18766 .elementor-element.elementor-element-3669a6d8 > .elementor-widget-container{margin:0px 0px 20px 0px;}<\/style>\t\t<div data-elementor-type=\"page\" data-elementor-id=\"18766\" class=\"elementor elementor-18766 elementor-21805\">\n\t\t\t\t\t\t\t\t\t<section class=\"elementor-section elementor-top-section elementor-element elementor-element-70f6a20 elementor-section-boxed elementor-section-height-default elementor-section-height-default\" data-id=\"70f6a20\" data-element_type=\"section\">\n\t\t\t\t\t\t<div class=\"elementor-container elementor-column-gap-no\">\n\t\t\t\t\t<div class=\"elementor-column elementor-col-50 elementor-top-column elementor-element elementor-element-44ae2f3e\" data-id=\"44ae2f3e\" data-element_type=\"column\">\n\t\t\t<div class=\"elementor-widget-wrap elementor-element-populated\">\n\t\t\t\t\t\t\t\t<div class=\"elementor-element elementor-element-3669a6d8 elementor-widget elementor-widget-heading\" data-id=\"3669a6d8\" data-element_type=\"widget\" data-widget_type=\"heading.default\">\n\t\t\t\t<div class=\"elementor-widget-container\">\n\t\t\t<h2 class=\"elementor-heading-title elementor-size-default\">EL VALOR DE LA EXPERIENCIA<\/h2>\t\t<\/div>\n\t\t\t\t<\/div>\n\t\t\t\t<div class=\"elementor-element elementor-element-7e6ef319 elementor-widget elementor-widget-text-editor\" data-id=\"7e6ef319\" data-element_type=\"widget\" data-widget_type=\"text-editor.default\">\n\t\t\t\t<div class=\"elementor-widget-container\">\n\t\t\t\t\t\t\t<h4>Durante m\u00e1s de 20 a\u00f1os venimos desarrollando nuestra actividad apoyados sobre fuertes valores de responsabilidad, eficacia y transparencia en todas nuestras operaciones inmobiliarias.<\/h4><h4>Trabajamos duramente de manera profesional para lograr los m\u00e1s altos est\u00e1ndares de calidad y poder ofrecerle un servicio acorde a sus necesidades.<\/h4>\t\t\t\t\t\t<\/div>\n\t\t\t\t<\/div>\n\t\t\t\t\t<\/div>\n\t\t<\/div>\n\t\t\t\t<div class=\"elementor-column elementor-col-50 elementor-top-column elementor-element elementor-element-4ff4e86b\" data-id=\"4ff4e86b\" data-element_type=\"column\">\n\t\t\t<div class=\"elementor-widget-wrap elementor-element-populated\">\n\t\t\t\t\t\t\t\t<div class=\"elementor-element elementor-element-7346c237 elementor-widget elementor-widget-image\" data-id=\"7346c237\" data-element_type=\"widget\" data-widget_type=\"image.default\">\n\t\t\t\t<div class=\"elementor-widget-container\">\n\t\t\t\t\t\t\t\t\t\t\t\t\t\t\t<img loading=\"lazy\" decoding=\"async\" width=\"364\" height=\"199\" src=\"https:\/\/titaniumproperties.es\/wp\/wp-content\/uploads\/2023\/02\/experience-1.jpg\" class=\"attachment-property_full_map size-property_full_map wp-image-19195\" alt=\"\" srcset=\"https:\/\/titaniumproperties.es\/wp\/wp-content\/uploads\/2023\/02\/experience-1.jpg 364w, https:\/\/titaniumproperties.es\/wp\/wp-content\/uploads\/2023\/02\/experience-1-300x164.jpg 300w\" sizes=\"auto, (max-width: 364px) 100vw, 364px\" \/>\t\t\t\t\t\t\t\t\t\t\t\t\t\t\t<\/div>\n\t\t\t\t<\/div>\n\t\t\t\t\t<\/div>\n\t\t<\/div>\n\t\t\t\t\t\t\t<\/div>\n\t\t<\/section>\n\t\t\t\t\t\t\t<\/div>\n\t\t                    <\/div>\n\n                \n                    <div  role=\"tabpanel\" class=\"tab-pane \" id=\"74ed63a\">\n\n                    <style>.elementor-18768 .elementor-element.elementor-element-45a86b32 > .elementor-widget-wrap > .elementor-widget:not(.elementor-widget__width-auto):not(.elementor-widget__width-initial):not(:last-child):not(.elementor-absolute){margin-bottom:0px;}.elementor-18768 .elementor-element.elementor-element-77f94d42 .elementor-heading-title{color:#222222;font-weight:500;}.elementor-18768 .elementor-element.elementor-element-77f94d42 > .elementor-widget-container{margin:0px 0px 20px 0px;}.elementor-18768 .elementor-element.elementor-element-702a1688{text-align:center;}<\/style>\t\t<div data-elementor-type=\"page\" data-elementor-id=\"18768\" class=\"elementor elementor-18768\">\n\t\t\t\t\t\t\t\t\t<section class=\"elementor-section elementor-top-section elementor-element elementor-element-255932be elementor-section-boxed elementor-section-height-default elementor-section-height-default\" data-id=\"255932be\" data-element_type=\"section\">\n\t\t\t\t\t\t<div class=\"elementor-container elementor-column-gap-no\">\n\t\t\t\t\t<div class=\"elementor-column elementor-col-50 elementor-top-column elementor-element elementor-element-45a86b32\" data-id=\"45a86b32\" data-element_type=\"column\">\n\t\t\t<div class=\"elementor-widget-wrap elementor-element-populated\">\n\t\t\t\t\t\t\t\t<div class=\"elementor-element elementor-element-77f94d42 elementor-widget elementor-widget-heading\" data-id=\"77f94d42\" data-element_type=\"widget\" data-widget_type=\"heading.default\">\n\t\t\t\t<div class=\"elementor-widget-container\">\n\t\t\t<h2 class=\"elementor-heading-title elementor-size-default\">RESPONSABILIDAD Y EFICACIA<\/h2>\t\t<\/div>\n\t\t\t\t<\/div>\n\t\t\t\t<div class=\"elementor-element elementor-element-133a419e elementor-widget elementor-widget-text-editor\" data-id=\"133a419e\" data-element_type=\"widget\" data-widget_type=\"text-editor.default\">\n\t\t\t\t<div class=\"elementor-widget-container\">\n\t\t\t\t\t\t\t<h4>En Titanium Properties tenemos una red comercializadora <strong><span style=\"text-decoration: underline;\">con\u00a0presencia en\u00a0m\u00e1s de 20 pa\u00edses<\/span>.<\/strong><\/h4><h4>D\u00e9jenos el trabajo duro de vender su vivienda as\u00ed como todas las tareas de postventa, ya que para nosotros la relaci\u00f3n con nuestros clientes es lo m\u00e1s importante.<\/h4>\t\t\t\t\t\t<\/div>\n\t\t\t\t<\/div>\n\t\t\t\t\t<\/div>\n\t\t<\/div>\n\t\t\t\t<div class=\"elementor-column elementor-col-50 elementor-top-column elementor-element elementor-element-4da4e415\" data-id=\"4da4e415\" data-element_type=\"column\">\n\t\t\t<div class=\"elementor-widget-wrap elementor-element-populated\">\n\t\t\t\t\t\t\t\t<div class=\"elementor-element elementor-element-702a1688 elementor-widget elementor-widget-image\" data-id=\"702a1688\" data-element_type=\"widget\" data-widget_type=\"image.default\">\n\t\t\t\t<div class=\"elementor-widget-container\">\n\t\t\t\t\t\t\t\t\t\t\t\t\t\t\t<img loading=\"lazy\" decoding=\"async\" width=\"275\" height=\"184\" src=\"https:\/\/titaniumproperties.es\/wp\/wp-content\/uploads\/2023\/02\/SALE.jpg\" class=\"attachment-medium_large size-medium_large wp-image-19197\" alt=\"\" srcset=\"https:\/\/titaniumproperties.es\/wp\/wp-content\/uploads\/2023\/02\/SALE.jpg 275w, https:\/\/titaniumproperties.es\/wp\/wp-content\/uploads\/2023\/02\/SALE-105x70.jpg 105w\" sizes=\"auto, (max-width: 275px) 100vw, 275px\" \/>\t\t\t\t\t\t\t\t\t\t\t\t\t\t\t<\/div>\n\t\t\t\t<\/div>\n\t\t\t\t\t<\/div>\n\t\t<\/div>\n\t\t\t\t\t\t\t<\/div>\n\t\t<\/section>\n\t\t\t\t\t\t\t<\/div>\n\t\t                    <\/div>\n\n                            <\/div>\n        <\/div>\n                \t\t<\/div>\n\t\t\t\t<\/div>\n\t\t\t\t\t<\/div>\n\t\t<\/div>\n\t\t\t\t\t\t\t<\/div>\n\t\t<\/section>\n\t\t\t\t\t\t\t<\/div>\n\t\t","protected":false},"excerpt":{"rendered":"<p>QUIENES SOMOS QU\u00c9 HACEMOS \u00bfQUIERE USTED VENDER? \u00bfQUI\u00c9NES SOMOS? \u00a0 Titanium Properties lo formamos un equipo de profesionales altamente cualificados y formados para atenderle con toda la atenci\u00f3n, calidad y esmero que usted merece. Le ayudaremos en todo el proceso de b\u00fasqueda de su vivienda ideal, porque cada cliente es \u00fanico y especial. EL VALOR DE LA EXPERIENCIA Durante m\u00e1s de 20 a\u00f1os venimos &#8230;<\/p>\n","protected":false},"author":3,"featured_media":0,"parent":0,"menu_order":0,"comment_status":"closed","ping_status":"closed","template":"","meta":{"inline_featured_image":false,"footnotes":""},"class_list":["post-19178","page","type-page","status-publish","hentry"],"_links":{"self":[{"href":"https:\/\/titaniumproperties.es\/wp\/wp-json\/wp\/v2\/pages\/19178","targetHints":{"allow":["GET"]}}],"collection":[{"href":"https:\/\/titaniumproperties.es\/wp\/wp-json\/wp\/v2\/pages"}],"about":[{"href":"https:\/\/titaniumproperties.es\/wp\/wp-json\/wp\/v2\/types\/page"}],"author":[{"embeddable":true,"href":"https:\/\/titaniumproperties.es\/wp\/wp-json\/wp\/v2\/users\/3"}],"replies":[{"embeddable":true,"href":"https:\/\/titaniumproperties.es\/wp\/wp-json\/wp\/v2\/comments?post=19178"}],"version-history":[{"count":30,"href":"https:\/\/titaniumproperties.es\/wp\/wp-json\/wp\/v2\/pages\/19178\/revisions"}],"predecessor-version":[{"id":39901,"href":"https:\/\/titaniumproperties.es\/wp\/wp-json\/wp\/v2\/pages\/19178\/revisions\/39901"}],"wp:attachment":[{"href":"https:\/\/titaniumproperties.es\/wp\/wp-json\/wp\/v2\/media?parent=19178"}],"curies":[{"name":"wp","href":"https:\/\/api.w.org\/{rel}","templated":true}]}}